{"id":1768,"date":"2020-06-05T11:05:28","date_gmt":"2020-06-05T11:05:28","guid":{"rendered":"https:\/\/vitislife.aedesit.com\/solutions\/les-supports-dinvestissement\/"},"modified":"2020-12-09T08:55:31","modified_gmt":"2020-12-09T08:55:31","slug":"de-investeringsmogelijkheden","status":"publish","type":"page","link":"https:\/\/www.vitislife.com\/nl\/onze-oplossingen\/de-investeringsmogelijkheden\/","title":{"rendered":"Gediversifieerde beleggingsvehikels"},"content":{"rendered":"<div class=\"wp-bootstrap-blocks-container container mb-0 theme-section addline-middle\">\n\t\n<div class=\"wp-bootstrap-blocks-row row align-items-center\">\n\t\n\n<div class=\"col-12 col-md-4\">\n\t\t\t\n\r\n<div class=\"rich-text\">\r\n\t\r\n\t\t<div class=\"icon-box pos-top align-right clearfix\">\r\n\t\t<div class=\"box-icon\">\r\n\t\t\t<img decoding=\"async\" src=\"https:\/\/www.vitislife.com\/wp-content\/uploads\/2020\/11\/financial.svg\" alt=\"financial\">\r\n\t\t<\/div>\r\n\t\t\t<div class=\"box-content align-right\">\r\n\t\t\t\t\t\r\n\t\t<h3 class=\"\">Intern \u201cfonds dedie\u201d<\/h3>\r\n\t\t<h5 class=\"colored\">Individuele en gepersonaliseerde beheersoplossing<\/h5>\r\n\t\t\r\n\t\t\t\t<\/div>\r\n\t\t<\/div>\r\n\t\t\r\n<\/div>\r\n\n\n\r\n<div class=\"dv-gallery align-right\"><a href=\"https:\/\/www.vitislife.com\/wp-content\/uploads\/2020\/12\/Vitis-Life-schema-FID_NL.jpg\" data-rel=\"lightcase:gallery\"><img loading=\"lazy\" decoding=\"async\" src=\"https:\/\/www.vitislife.com\/wp-content\/uploads\/2020\/12\/Vitis-Life-schema-FID_NL-400x300.jpg\" width=\"400\" height=\"300\"><\/a><\/div>                      \n\t<\/div>\n\n\n\n<div class=\"col-12 col-md-1\">\n\t\t\t\t<\/div>\n\n\n\n<div class=\"col-12 col-md-7\">\n\t\t\t\n\n<p>Specifiek Luxemburgs, het intern fonds d\u00e9di\u00e9 is een intern fonds al dan niet in directe lijn, zonder gegarandeerd rendement, beheerd door \u00e9\u00e9n enkele beheerder en dient als beleggingsvehikel voor \u00e9\u00e9n enkel contract. Het stelt de verzekeringnemer en\/of zijn familieleden in staat om een individueel beheer op te zetten met discretionair mandaat en om te genieten van de knowhow van professionele beheerders.<\/p>\n\n\n\n<p><strong>Een fonds d\u00e9di\u00e9 heeft de volgende kenmerken:<\/strong><\/p>\n\n\n\n<ul class=\"check-list wp-block-list\"><li>vrije keuze van de beheerstrategie<\/li><li>vrije keuze van de beheerder<\/li><li>vrije keuze van de bewaarbank<\/li><li>flexibiliteit voor de beheerder in de keuze van de activa.<\/li><\/ul>\n\n\t<\/div>\n\n<\/div>\n\n<\/div>\n\n\n\n<div class=\"wp-block-group alignfull has-background\" style=\"background-color:#f3f5f8\"><div class=\"wp-block-group__inner-container is-layout-flow wp-block-group-is-layout-flow\"><div class=\"wp-bootstrap-blocks-container container mb-2 theme-section addline-fromleftmiddle-torightmiddle\">\n\t\n<div class=\"wp-bootstrap-blocks-row row mobile-reverse align-items-center\">\n\t\n\n<div class=\"col-12 col-md-7\">\n\t\t\t\n\n<p>Een gespecialiseerd verzekeringsfonds (ook \u201cfonds d\u2019assurance sp\u00e9cialis\u00e9\u201d (FAS) genaamd)\u00a0\u00a0is een intern fonds zonder discretionair beheer, al dan niet in directe lijnen en zonder gegarandeerd rendement. Dit intern fonds vormt het beleggingsvehikel van\u00a0\u00a0\u00e9\u00e9n enkel contract. Elk actief wordt rechtstreeks door de klant gekozen.\u00a0\u00a0<\/p>\n\n\t<\/div>\n\n\n\n<div class=\"col-12 col-md-1\">\n\t\t\t\t<\/div>\n\n\n\n<div class=\"col-12 col-md-4\">\n\t\t\t\n\r\n<div class=\"rich-text\">\r\n\t\r\n\t\t<div class=\"icon-box pos-top align-left clearfix\">\r\n\t\t<div class=\"box-icon\">\r\n\t\t\t<img decoding=\"async\" src=\"https:\/\/www.vitislife.com\/wp-content\/uploads\/2020\/11\/conformite_icon.svg\" alt=\"conformite_icon-2\">\r\n\t\t<\/div>\r\n\t\t\t<div class=\"box-content align-left\">\r\n\t\t\t\t\t\r\n\t\t<h3 class=\"\">Gespecialiseerd verzekeringsfonds<\/h3>\r\n\t\t<h5 class=\"colored\">directe beheeroplossing<\/h5>\r\n\t\t\r\n\t\t\t\t<\/div>\r\n\t\t<\/div>\r\n\t\t\r\n<\/div>\r\n\n\n\r\n<div class=\"dv-gallery align-left\"><a href=\"https:\/\/www.vitislife.com\/wp-content\/uploads\/2020\/12\/Vitis-Life-schema-FAS_NL.jpg\" data-rel=\"lightcase:gallery\"><img loading=\"lazy\" decoding=\"async\" src=\"https:\/\/www.vitislife.com\/wp-content\/uploads\/2020\/12\/Vitis-Life-schema-FAS_NL-400x300.jpg\" width=\"400\" height=\"300\"><\/a><\/div>                      \n\t<\/div>\n\n<\/div>\n\n<\/div>\n<\/div><\/div>\n\n\n<div class=\"wp-bootstrap-blocks-container container mb-0 theme-section addline-fromrightmiddle-toleftmiddle\">\n\t\n<div class=\"wp-bootstrap-blocks-row row align-items-center\">\n\t\n\n<div class=\"col-12 col-md-4\">\n\t\t\t\n\r\n<div class=\"rich-text\">\r\n\t\r\n\t\t<div class=\"icon-box pos-top align-right clearfix\">\r\n\t\t<div class=\"box-icon\">\r\n\t\t\t<img decoding=\"async\" src=\"https:\/\/www.vitislife.com\/wp-content\/uploads\/2020\/11\/group1.svg\" alt=\"group1\">\r\n\t\t<\/div>\r\n\t\t\t<div class=\"box-content align-right\">\r\n\t\t\t\t\t\r\n\t\t<h3 class=\"\">Intern collectief beleggingsfonds<\/h3>\r\n\t\t<h5 class=\"colored\">Oplossing op maat van collectief beheer<\/h5>\r\n\t\t\r\n\t\t\t\t<\/div>\r\n\t\t<\/div>\r\n\t\t\r\n<\/div>\r\n\n\n\r\n<div class=\"dv-gallery align-right\"><a href=\"https:\/\/www.vitislife.com\/wp-content\/uploads\/2020\/12\/Vitis-Life-schema-FIC_NL.jpg\" data-rel=\"lightcase:gallery\"><img loading=\"lazy\" decoding=\"async\" src=\"https:\/\/www.vitislife.com\/wp-content\/uploads\/2020\/12\/Vitis-Life-schema-FIC_NL-400x300.jpg\" width=\"400\" height=\"300\"><\/a><\/div>                      \n\t<\/div>\n\n\n\n<div class=\"col-12 col-md-1\">\n\t\t\t\t<\/div>\n\n\n\n<div class=\"col-12 col-md-7\">\n\t\t\t\n\n<p>Een intern collectief beleggingsfonds is een bundeling van een beheerstrategie tussen verschillende klanten die ge\u00efnteresseerd zijn in dezelfde financi\u00eble aanpak.<\/p>\n\n\n\n<p><strong>Het intern collectief beleggingsfonds wordt gekenmerkt door:<\/strong><\/p>\n\n\n\n<ul class=\"check-list wp-block-list\"><li>snelheid en gemak van implementatie : een voorafgaande communicatie van de kenmerken en het beheer van het fonds aan de C.A.A. volstaat, een goedkeuring is niet nodig.<\/li><li>de mogelijkheid om het intern collectief beleggingsfonds aan te bieden aan meerdere cli\u00ebnten ge\u00efnteresseerd in eenzelfde beheerstrategie voor hun levensverzekeringscontract<\/li><li>beperkte kosten<\/li><\/ul>\n\n\t<\/div>\n\n<\/div>\n\n<\/div>\n\n\n\n<div class=\"wp-block-group alignfull has-background\" style=\"background-color:#f3f5f8\"><div class=\"wp-block-group__inner-container is-layout-flow wp-block-group-is-layout-flow\"><div class=\"wp-bootstrap-blocks-container container mb-2 theme-section addline-fromleftmiddle-torightmiddle line-end\">\n\t\n<div class=\"wp-bootstrap-blocks-row row mobile-reverse align-items-center\">\n\t\n\n<div class=\"col-12 col-md-7\">\n\t\t\t\n\n<p>De externe fondsen die beleggers kunnen selecteren zijn collectieve beleggingsfondsen, aangeboden door verschillende fondsenbeheerders.<\/p>\n\n\t<\/div>\n\n\n\n<div class=\"col-12 col-md-1\">\n\t\t\t\t<\/div>\n\n\n\n<div class=\"col-12 col-md-4\">\n\t\t\t\n\r\n<div class=\"rich-text\">\r\n\t\r\n\t\t<div class=\"icon-box pos-top align-left clearfix\">\r\n\t\t<div class=\"box-icon\">\r\n\t\t\t<img decoding=\"async\" src=\"https:\/\/www.vitislife.com\/wp-content\/uploads\/2020\/11\/growth-icon.svg\" alt=\"growth-icon\">\r\n\t\t<\/div>\r\n\t\t\t<div class=\"box-content align-left\">\r\n\t\t\t\t\t\r\n\t\t<h3 class=\"\">Externe beleggingsfondsen<\/h3>\r\n\t\t<h5 class=\"colored\">Gediversifieerde oplossing van fondsen van derden<\/h5>\r\n\t\t\r\n\t\t\t\t<\/div>\r\n\t\t<\/div>\r\n\t\t\r\n<\/div>\r\n\n\t<\/div>\n\n<\/div>\n\n\n\n<p><\/p>\n\n<\/div>\n<\/div><\/div>\n","protected":false},"excerpt":{"rendered":"","protected":false},"author":2,"featured_media":0,"parent":1764,"menu_order":0,"comment_status":"closed","ping_status":"closed","template":"","meta":{"_acf_changed":false,"footnotes":""},"class_list":["post-1768","page","type-page","status-publish","hentry"],"acf":[],"yoast_head":"<!-- This site is optimized with the Yoast SEO plugin v24.8.1 - https:\/\/yoast.com\/wordpress\/plugins\/seo\/ -->\n<title>Gediversifieerde beleggingsvehikels - VitisLife<\/title>\n<meta name=\"robots\" content=\"index, follow, max-snippet:-1, max-image-preview:large, max-video-preview:-1\" \/>\n<link rel=\"canonical\" href=\"https:\/\/www.vitislife.com\/nl\/onze-oplossingen\/de-investeringsmogelijkheden\/\" \/>\n<meta property=\"og:locale\" content=\"nl_NL\" \/>\n<meta property=\"og:type\" content=\"article\" \/>\n<meta property=\"og:title\" content=\"Gediversifieerde beleggingsvehikels - VitisLife\" \/>\n<meta property=\"og:url\" content=\"https:\/\/www.vitislife.com\/nl\/onze-oplossingen\/de-investeringsmogelijkheden\/\" \/>\n<meta property=\"og:site_name\" content=\"VitisLife\" \/>\n<meta property=\"article:modified_time\" content=\"2020-12-09T08:55:31+00:00\" \/>\n<meta name=\"twitter:card\" content=\"summary_large_image\" \/>\n<meta name=\"twitter:label1\" content=\"Geschatte leestijd\" \/>\n\t<meta name=\"twitter:data1\" content=\"1 minuut\" \/>\n<script type=\"application\/ld+json\" class=\"yoast-schema-graph\">{\"@context\":\"https:\/\/schema.org\",\"@graph\":[{\"@type\":\"WebPage\",\"@id\":\"https:\/\/www.vitislife.com\/nl\/onze-oplossingen\/de-investeringsmogelijkheden\/\",\"url\":\"https:\/\/www.vitislife.com\/nl\/onze-oplossingen\/de-investeringsmogelijkheden\/\",\"name\":\"Gediversifieerde beleggingsvehikels - VitisLife\",\"isPartOf\":{\"@id\":\"https:\/\/www.vitislife.com\/nl\/#website\"},\"datePublished\":\"2020-06-05T11:05:28+00:00\",\"dateModified\":\"2020-12-09T08:55:31+00:00\",\"breadcrumb\":{\"@id\":\"https:\/\/www.vitislife.com\/nl\/onze-oplossingen\/de-investeringsmogelijkheden\/#breadcrumb\"},\"inLanguage\":\"nl-NL\",\"potentialAction\":[{\"@type\":\"ReadAction\",\"target\":[\"https:\/\/www.vitislife.com\/nl\/onze-oplossingen\/de-investeringsmogelijkheden\/\"]}]},{\"@type\":\"BreadcrumbList\",\"@id\":\"https:\/\/www.vitislife.com\/nl\/onze-oplossingen\/de-investeringsmogelijkheden\/#breadcrumb\",\"itemListElement\":[{\"@type\":\"ListItem\",\"position\":1,\"name\":\"Accueil\",\"item\":\"https:\/\/www.vitislife.com\/nl\/\"},{\"@type\":\"ListItem\",\"position\":2,\"name\":\"Onze oplossingen\",\"item\":\"https:\/\/www.vitislife.com\/nl\/onze-oplossingen\/\"},{\"@type\":\"ListItem\",\"position\":3,\"name\":\"Gediversifieerde beleggingsvehikels\"}]},{\"@type\":\"WebSite\",\"@id\":\"https:\/\/www.vitislife.com\/nl\/#website\",\"url\":\"https:\/\/www.vitislife.com\/nl\/\",\"name\":\"VitisLife\",\"description\":\"\",\"publisher\":{\"@id\":\"https:\/\/www.vitislife.com\/nl\/#organization\"},\"potentialAction\":[{\"@type\":\"SearchAction\",\"target\":{\"@type\":\"EntryPoint\",\"urlTemplate\":\"https:\/\/www.vitislife.com\/nl\/?s={search_term_string}\"},\"query-input\":{\"@type\":\"PropertyValueSpecification\",\"valueRequired\":true,\"valueName\":\"search_term_string\"}}],\"inLanguage\":\"nl-NL\"},{\"@type\":\"Organization\",\"@id\":\"https:\/\/www.vitislife.com\/nl\/#organization\",\"name\":\"VitisLife\",\"url\":\"https:\/\/www.vitislife.com\/nl\/\",\"logo\":{\"@type\":\"ImageObject\",\"inLanguage\":\"nl-NL\",\"@id\":\"https:\/\/www.vitislife.com\/nl\/#\/schema\/logo\/image\/\",\"url\":\"https:\/\/www.vitislife.com\/wp-content\/uploads\/2025\/05\/Design-sans-titre-6.png\",\"contentUrl\":\"https:\/\/www.vitislife.com\/wp-content\/uploads\/2025\/05\/Design-sans-titre-6.png\",\"width\":500,\"height\":500,\"caption\":\"VitisLife\"},\"image\":{\"@id\":\"https:\/\/www.vitislife.com\/nl\/#\/schema\/logo\/image\/\"}}]}<\/script>\n<!-- \/ Yoast SEO plugin. -->","yoast_head_json":{"title":"Gediversifieerde beleggingsvehikels - VitisLife","robots":{"index":"index","follow":"follow","max-snippet":"max-snippet:-1","max-image-preview":"max-image-preview:large","max-video-preview":"max-video-preview:-1"},"canonical":"https:\/\/www.vitislife.com\/nl\/onze-oplossingen\/de-investeringsmogelijkheden\/","og_locale":"nl_NL","og_type":"article","og_title":"Gediversifieerde beleggingsvehikels - VitisLife","og_url":"https:\/\/www.vitislife.com\/nl\/onze-oplossingen\/de-investeringsmogelijkheden\/","og_site_name":"VitisLife","article_modified_time":"2020-12-09T08:55:31+00:00","twitter_card":"summary_large_image","twitter_misc":{"Geschatte leestijd":"1 minuut"},"schema":{"@context":"https:\/\/schema.org","@graph":[{"@type":"WebPage","@id":"https:\/\/www.vitislife.com\/nl\/onze-oplossingen\/de-investeringsmogelijkheden\/","url":"https:\/\/www.vitislife.com\/nl\/onze-oplossingen\/de-investeringsmogelijkheden\/","name":"Gediversifieerde beleggingsvehikels - VitisLife","isPartOf":{"@id":"https:\/\/www.vitislife.com\/nl\/#website"},"datePublished":"2020-06-05T11:05:28+00:00","dateModified":"2020-12-09T08:55:31+00:00","breadcrumb":{"@id":"https:\/\/www.vitislife.com\/nl\/onze-oplossingen\/de-investeringsmogelijkheden\/#breadcrumb"},"inLanguage":"nl-NL","potentialAction":[{"@type":"ReadAction","target":["https:\/\/www.vitislife.com\/nl\/onze-oplossingen\/de-investeringsmogelijkheden\/"]}]},{"@type":"BreadcrumbList","@id":"https:\/\/www.vitislife.com\/nl\/onze-oplossingen\/de-investeringsmogelijkheden\/#breadcrumb","itemListElement":[{"@type":"ListItem","position":1,"name":"Accueil","item":"https:\/\/www.vitislife.com\/nl\/"},{"@type":"ListItem","position":2,"name":"Onze oplossingen","item":"https:\/\/www.vitislife.com\/nl\/onze-oplossingen\/"},{"@type":"ListItem","position":3,"name":"Gediversifieerde beleggingsvehikels"}]},{"@type":"WebSite","@id":"https:\/\/www.vitislife.com\/nl\/#website","url":"https:\/\/www.vitislife.com\/nl\/","name":"VitisLife","description":"","publisher":{"@id":"https:\/\/www.vitislife.com\/nl\/#organization"},"potentialAction":[{"@type":"SearchAction","target":{"@type":"EntryPoint","urlTemplate":"https:\/\/www.vitislife.com\/nl\/?s={search_term_string}"},"query-input":{"@type":"PropertyValueSpecification","valueRequired":true,"valueName":"search_term_string"}}],"inLanguage":"nl-NL"},{"@type":"Organization","@id":"https:\/\/www.vitislife.com\/nl\/#organization","name":"VitisLife","url":"https:\/\/www.vitislife.com\/nl\/","logo":{"@type":"ImageObject","inLanguage":"nl-NL","@id":"https:\/\/www.vitislife.com\/nl\/#\/schema\/logo\/image\/","url":"https:\/\/www.vitislife.com\/wp-content\/uploads\/2025\/05\/Design-sans-titre-6.png","contentUrl":"https:\/\/www.vitislife.com\/wp-content\/uploads\/2025\/05\/Design-sans-titre-6.png","width":500,"height":500,"caption":"VitisLife"},"image":{"@id":"https:\/\/www.vitislife.com\/nl\/#\/schema\/logo\/image\/"}}]}},"_links":{"self":[{"href":"https:\/\/www.vitislife.com\/nl\/wp-json\/wp\/v2\/pages\/1768","targetHints":{"allow":["GET"]}}],"collection":[{"href":"https:\/\/www.vitislife.com\/nl\/wp-json\/wp\/v2\/pages"}],"about":[{"href":"https:\/\/www.vitislife.com\/nl\/wp-json\/wp\/v2\/types\/page"}],"author":[{"embeddable":true,"href":"https:\/\/www.vitislife.com\/nl\/wp-json\/wp\/v2\/users\/2"}],"replies":[{"embeddable":true,"href":"https:\/\/www.vitislife.com\/nl\/wp-json\/wp\/v2\/comments?post=1768"}],"version-history":[{"count":0,"href":"https:\/\/www.vitislife.com\/nl\/wp-json\/wp\/v2\/pages\/1768\/revisions"}],"up":[{"embeddable":true,"href":"https:\/\/www.vitislife.com\/nl\/wp-json\/wp\/v2\/pages\/1764"}],"wp:attachment":[{"href":"https:\/\/www.vitislife.com\/nl\/wp-json\/wp\/v2\/media?parent=1768"}],"curies":[{"name":"wp","href":"https:\/\/api.w.org\/{rel}","templated":true}]}}